{"id":9133,"date":"2021-01-09T09:31:22","date_gmt":"2021-01-09T09:31:22","guid":{"rendered":"https:\/\/www.healthysmoothietime.nl\/?page_id=9133"},"modified":"2021-05-01T08:32:55","modified_gmt":"2021-05-01T08:32:55","slug":"over-ons","status":"publish","type":"page","link":"https:\/\/www.healthysmoothietime.nl\/index.php\/over-ons\/","title":{"rendered":"Ons Verhaal"},"content":{"rendered":"<p>[vc_row content_placement=&#8221;top&#8221;][vc_column]<div class=\"clearboth\"><\/div><div class=\"gem-divider \" style=\"margin-top: 5px;\"><\/div>[\/vc_column][vc_column offset=&#8221;vc_col-lg-6 vc_col-md-6&#8243; css=&#8221;.vc_custom_1590571662912{margin-right: 15px !important;}&#8221;][vc_column_text css_animation=&#8221;bottom-to-top&#8221; css=&#8221;.vc_custom_1619857852532{padding-top: 50px !important;}&#8221;]<\/p>\n<h1>Healthy living.<\/h1>\n<p>[\/vc_column_text][vc_column_text]<\/p>\n<p class=\"p1\">Healthy Smoothie time gelooft in het concept van Healthy living. Dit concept leert dat de gezondheid van de mens wordt be\u00efnvloed door zowel het voedselaanbod, ons gedrag en de wereld om ons heen.<\/p>\n<p class=\"p1\">Zoals velen van ons weten is de A\u00e7a\u00ed-bes \u00e9\u00e9n van de gezondste bessen ter wereld.<br \/>\nDaarom willen wij niet alleen de zuivere A\u00e7a\u00ed-pulp verkopen, maar ook de A\u00e7a\u00ed-bes de bekendheid geven die deze bes verdient. Evenals andere bessen en gezonde sappen en smoothies.<\/p>\n<p><strong>Maak van een gezonde keuze een makkelijke keuze!<br \/>\n<\/strong>Dus kies je voor een gezonde levensstijl? Geef A\u00e7a\u00ed dan een kans, het is een investering in jouw gezondheid.[\/vc_column_text][\/vc_column][vc_column offset=&#8221;vc_col-lg-6 vc_col-md-6&#8243; css=&#8221;.vc_custom_1590571667512{margin-left: 15px !important;}&#8221;][vc_empty_space height=&#8221;77&#8243;]<div class=\"gem-image gem-wrapbox gem-wrapbox-style-default gem-wrapbox-position-below\"  style=\"width: 0px;height: 0px;\"><div class=\"gem-wrapbox-inner \" ><img decoding=\"async\" class=\"gem-wrapbox-element img-responsive\" src=\"https:\/\/www.healthysmoothietime.nl\/wp-content\/uploads\/2021\/04\/RAUL6822_Home.jpg\" alt=\"\"\/><\/div><\/div>[\/vc_column][vc_column]<div class=\"clearboth\"><\/div><div class=\"gem-divider \" style=\"margin-top: 11px;\"><\/div>[\/vc_column][\/vc_row][vc_row][vc_column width=&#8221;1\/2&#8243;]<div class=\"gem-image gem-wrapbox gem-wrapbox-style-default gem-wrapbox-position-below\"  style=\"width: 0px;height: 0px;\"><div class=\"gem-wrapbox-inner \" ><img decoding=\"async\" class=\"gem-wrapbox-element img-responsive\" src=\"https:\/\/www.healthysmoothietime.nl\/wp-content\/uploads\/2021\/03\/RAUL6590.jpg\" alt=\"\"\/><\/div><\/div><div class=\"gem-image gem-wrapbox gem-wrapbox-style-default gem-wrapbox-position-below\"  style=\"width: 0px;height: 0px;\"><div class=\"gem-wrapbox-inner \" ><img decoding=\"async\" class=\"gem-wrapbox-element img-responsive\" src=\"https:\/\/www.healthysmoothietime.nl\/wp-content\/uploads\/2021\/03\/RAUL6453-scaled.jpg\" alt=\"\"\/><\/div><\/div>[\/vc_column][vc_column width=&#8221;1\/2&#8243;][vc_column_text css_animation=&#8221;bottom-to-top&#8221; css=&#8221;.vc_custom_1608746077696{padding-top: 50px !important;}&#8221;]<\/p>\n<h1 class=\"title-h1\">De \u201chealth-<br \/>\nbenefits\u201d van<br \/>\nde a\u00e7a\u00ed-bes<strong><br \/>\n<\/strong><\/h1>\n<p>[\/vc_column_text][vc_column_text]<strong>Wat is A\u00e7a\u00ed?<br \/>\n<\/strong>Eigenlijk is A\u00e7ai een vrucht zoals de aardbei, framboos, bosbes, bramen en ga zo maar door. Het enige verschil tussen de a\u00e7ai en deze andere bessen is dat de a\u00e7ai het meest gezond is.<\/p>\n<p>Bij velen is de bes bekend als podosiri (bij de Afro-Surinamers), wasai (bij de Brazilianen) of gewoon als a\u00e7ai (bij de Indianen). Een bijzonder feit over de bes is dat het een historisch vrucht is die in de Amazone groeit.<\/p>\n<p>Eenmaal geplukte is de bes snel vatbaar voor bederf. Het is dan ook belangrijk het sap gekoeld of in de vriezer te bewaren.<\/p>\n<p>*<strong>Wat maakt a\u00e7ai zo gezond?*<br \/>\n<\/strong>Heel interessant is dat de bes tot een van de meest krachtigste en voedzame superfoods in de wereld behoort. Er is geen twijfel mogelijk: de bes beschikt in overvloed over gezondheidsvoordelen, het bevat ongelooflijk veel anti-oxidanten en voedingstoffen, het houdt je eetlust hormonen onder controle, boost je energie en voorkomt hartziektes. Verder is het een geweldig bron van eiwitten, het is vezelrijk, verhoogt de immuniteit en het metabolisme en het heeft van nature weinig suiker.<\/p>\n<p><strong>Redenen genoeg om deze gezonde bes een plek te geven in je levensstijl! <\/strong><br \/>\nWil je een overstap maken naar een gezonde levensstijl, probeer je gewicht kwijt te raken, of train je dagelijks? Dan past dit product perfect in jouw leven.\u00a0 door het a\u00e7ai sap krijg je heel wat gezonde voedingstoffen binnen.<\/p>\n<p>*<strong>Genieten van a\u00e7ai<\/strong>*<br \/>\nA\u00e7ai kan je op verschillende manier nuttigen. Je kan het lekker als smoothie gebruiken, maar ook als een dagelijkse drank. Een andere manier is om de a\u00e7ai in je bowls toe te voegen. In de Afro-Surinaamse gemeenschap wordt het meestal met kwak (vergelijkbaar met couscous) geconsumeerd.[\/vc_column_text][\/vc_column][\/vc_row][vc_row content_placement=&#8221;top&#8221; custom_css_code=&#8221;LndwYi1qcy1jb21wb3NlciUyMCU0MGlkJTIwLnZjX3R0YS52Y19nZW5lcmFsLnZjX3R0YS1hY2NvcmRpb24udmNfdHRhLXN0eWxlLXNpbXBsZV9zb2xpZCUyMC52Y190dGEtcGFuZWwlMkIudmNfdHRhLXBhbmVsJTIwJTdCJTBBJTIwJTIwJTIwJTIwYm9yZGVyLXRvcCUzQSUyMDFweCUyMHNvbGlkJTIwJTIzZGZlNWU4JTNCJTBBJTdE&#8221;][vc_column]<div class=\"clearboth\"><\/div><div class=\"gem-divider \" style=\"margin-top: 11px;\"><\/div>[\/vc_column][\/vc_row]<\/p>\n","protected":false},"excerpt":{"rendered":"<p>[vc_row content_placement=&#8221;top&#8221;][vc_column][\/vc_column][vc_column offset=&#8221;vc_col-lg-6 vc_col-md-6&#8243; css=&#8221;.vc_custom_1590571662912{margin-right: 15px !important;}&#8221;][vc_column_text css_animation=&#8221;bottom-to-top&#8221; css=&#8221;.vc_custom_1619857852532{padding-top: 50px !important;}&#8221;] Healthy living. [\/vc_column_text][vc_column_text] Healthy Smoothie time gelooft in het&#8230;<\/p>\n","protected":false},"author":1,"featured_media":0,"parent":0,"menu_order":0,"comment_status":"closed","ping_status":"closed","template":"","meta":{"inline_featured_image":false,"footnotes":""},"class_list":["post-9133","page","type-page","status-publish"],"_links":{"self":[{"href":"https:\/\/www.healthysmoothietime.nl\/index.php\/wp-json\/wp\/v2\/pages\/9133","targetHints":{"allow":["GET"]}}],"collection":[{"href":"https:\/\/www.healthysmoothietime.nl\/index.php\/wp-json\/wp\/v2\/pages"}],"about":[{"href":"https:\/\/www.healthysmoothietime.nl\/index.php\/wp-json\/wp\/v2\/types\/page"}],"author":[{"embeddable":true,"href":"https:\/\/www.healthysmoothietime.nl\/index.php\/wp-json\/wp\/v2\/users\/1"}],"replies":[{"embeddable":true,"href":"https:\/\/www.healthysmoothietime.nl\/index.php\/wp-json\/wp\/v2\/comments?post=9133"}],"version-history":[{"count":23,"href":"https:\/\/www.healthysmoothietime.nl\/index.php\/wp-json\/wp\/v2\/pages\/9133\/revisions"}],"predecessor-version":[{"id":9510,"href":"https:\/\/www.healthysmoothietime.nl\/index.php\/wp-json\/wp\/v2\/pages\/9133\/revisions\/9510"}],"wp:attachment":[{"href":"https:\/\/www.healthysmoothietime.nl\/index.php\/wp-json\/wp\/v2\/media?parent=9133"}],"curies":[{"name":"wp","href":"https:\/\/api.w.org\/{rel}","templated":true}]}}