{"id":9378,"date":"2021-04-09T07:46:37","date_gmt":"2021-04-09T07:46:37","guid":{"rendered":"https:\/\/www.healthysmoothietime.nl\/?page_id=9378"},"modified":"2021-06-15T10:08:55","modified_gmt":"2021-06-15T10:08:55","slug":"acai","status":"publish","type":"page","link":"https:\/\/www.healthysmoothietime.nl\/index.php\/acai\/","title":{"rendered":"A\u00e7a\u00ed"},"content":{"rendered":"<p>[vc_row content_placement=&#8221;top&#8221;][vc_column]<div class=\"clearboth\"><\/div><div class=\"gem-divider \" style=\"margin-top: 55px;\"><\/div>[\/vc_column][vc_column offset=&#8221;vc_col-lg-6 vc_col-md-6&#8243; css=&#8221;.vc_custom_1590571662912{margin-right: 15px !important;}&#8221;][vc_column_text css=&#8221;.vc_custom_1619858315956{margin-top: -8px !important;}&#8221;]<\/p>\n<div class=\"styled-subtitle\">\n<h1 class=\"p1\">A\u00e7A\u00ed (podosiri, wassaii)<\/h1>\n<\/div>\n<p>[\/vc_column_text][vc_column_text]<\/p>\n<p class=\"p1\">A\u00e7a\u00ed- podosiri is afkomstig van de a\u00e7a\u00edbes. Deze groeien in het oerwoud van Suriname.<br \/>\nVan deze\u00a0 bes wordt\u00a0 verse pulp gemaakt( de a\u00e7a\u00ed berry pulp). A\u00e7a\u00ed bevat een verbazingwekkende hoeveelheid antioxidanten en voedingstoffen. Tegenwoordig wordt deze bes beschouwd als \u00e9\u00e9n van de krachtigste en meest voedzame superfoods ter wereld.<\/p>\n<p class=\"p1\">De a\u00e7a\u00ed bes word geoogst door in de metershoge palmen te klimmen om zo de bessen van de palmtakken te kunnen halen om verspilling tegen te gaan moet de a\u00e7a\u00ed bes vrij snel na het oogsten worden verwerkt voor consumptie.<\/p>\n<p class=\"p1\"><strong>Het productieproces<\/strong><br \/>\nNadat de bessen van de takken zijn gehaald worden ze gewassen en geweekt in warm water. Hierdoor worden ze zacht en gereed voor verdere verwerking.\u00a0 Het produceren werd vroeger handmatig gedaan. Daarbij werden de bessen fijngemalen en gezeefd. Op die manier ontstond na een intensief proces het eindproduct: het sap (de a\u00e7a\u00ed pulp). Tegenwoordig gebeurd dit volledig machinaal.<\/p>\n<p class=\"p1\"><strong>Hoe dit product te consumeren<br \/>\n<\/strong>A\u00e7a\u00ed kan op verschillende manieren worden geconsumeerd,<\/p>\n<p class=\"p1\">Je kan het als dagelijkse drank nuttigen of als basis voor een overheerlijke a\u00e7a\u00ed-bowl gebruiken. Het meest bekend is de a\u00e7a\u00ed-smoothie.<\/p>\n<p>Afro-Surinamers nuttigen het meestal met Couac.[\/vc_column_text]<div class=\"gem-image gem-wrapbox gem-wrapbox-style-default gem-wrapbox-position-below\"  style=\"width: 0px;height: 0px;\"><div class=\"gem-wrapbox-inner \" ><img decoding=\"async\" class=\"gem-wrapbox-element img-responsive\" src=\"https:\/\/www.healthysmoothietime.nl\/wp-content\/uploads\/2021\/04\/RAUL6535.jpg\" alt=\"\"\/><\/div><\/div><div class=\"gem-image gem-wrapbox gem-wrapbox-style-default gem-wrapbox-position-below\"  style=\"width: 0px;height: 0px;\"><div class=\"gem-wrapbox-inner \" ><img decoding=\"async\" class=\"gem-wrapbox-element img-responsive\" src=\"https:\/\/www.healthysmoothietime.nl\/wp-content\/uploads\/2021\/04\/RAUL6672.jpg\" alt=\"\"\/><\/div><\/div>[vc_message icon_fontawesome=&#8221;fas fa-splotch&#8221;]Healthysmoothietime draagt zelf zorg voor de beplanting van de a\u00e7a\u00ed palmbomen en we werken met de best gesorteerde a\u00e7a\u00ed-bessen. Ook voor het produceren van de verse A\u00e7a\u00ed pulp hebben wij ons eigen team.[\/vc_message][\/vc_column][vc_column offset=&#8221;vc_col-lg-6 vc_col-md-6&#8243; css=&#8221;.vc_custom_1590571667512{margin-left: 15px !important;}&#8221;]<div class=\"gem-image gem-wrapbox gem-wrapbox-style-default gem-wrapbox-position-below\"  style=\"width: 0px;height: 0px;\"><div class=\"gem-wrapbox-inner \" ><img decoding=\"async\" class=\"gem-wrapbox-element img-responsive\" src=\"https:\/\/www.healthysmoothietime.nl\/wp-content\/uploads\/2021\/04\/RAUL6485.jpg\" alt=\"\"\/><\/div><\/div>[vc_column_text]<strong>PRODUCTINFORMATIE<\/strong>[\/vc_column_text]<div class=\"gem-list\" ><ul>\n<li class=\"p1\">A\u00e7a\u00ed is rijk aan Vitaminen (A,B1,B2, B3,C en E), Eiwitten, Vetten (omega-3,omega-6, en omega-9) en Calcium,<\/li>\n<li class=\"p1\">Het bevat kalium, calcium, koper, magnesium en ijzer.<\/li>\n<li class=\"p1\">Het bevat calcium; dit verminderd de kans op osteoporose en verbetert de botstructuur daarom is de acai pulp ook goed voor zwangere vrouwen<\/li>\n<li class=\"p1\">A\u00e7a\u00ed bevat Plantensterolen en weinig suikers in tegenstelling tot andere fruitsoorten.<\/li>\n<\/ul>\n<\/div>[vc_column_text]<strong>GEZONDHEIDSVOORDELEN<\/strong>[\/vc_column_text]<div class=\"gem-list\" ><ul>\n<li class=\"p1\">Rijk aan vezels; waardoor de spijsvertering word verbeterd<\/li>\n<li class=\"p1\">Bezit een enorme hoeveelheid Antioxidanten\u00a0 ( deze zijn belangrijk omdat ze de schadelijke effecten in het lichaam neutraliseren en die voorkomen weer dat ze cellen kunnen beschadigen, wat weer kan leiden tot ziektes en een verminderd immuunsysteem).<\/li>\n<li class=\"p1\">Vermindert\u00a0 het risico op hart en vaatziektes(in de a\u00e7a\u00edbes zitten bestanddelen die de cholesterol en de bloeddruk verlagen en anti-oxidanten die celvernieuwing\u00a0 be\u00efnvloeden<\/li>\n<li class=\"p1\">A\u00e7a\u00ed geeft een gezonde en stralende huid;( deze bessen bevatten mineralen die niet voorkomen in andere fruitsoorten en die invloed hebben op het veroudering proces.<\/li>\n<li class=\"p1\">A\u00e7a\u00ed geeft energie, dat maakt het lichaam gezonder en daardoor neemt o.a. het uithoudingsvermogen toe. Hierdoor werkt het lichaam effici\u00ebnter.<\/li>\n<li class=\"p1\">A\u00e7a\u00ed is prima te gebruiken als snack of tussendoortje tegen vermoeidheidsklachten.<\/li>\n<li class=\"p1\">Het heeft een sterk ontgiftend vermogen dat goed is om het systeem te spoelen en schoon en functioneel te maken, daarbij is het ook een bron van vezels<\/li>\n<li class=\"p1\">De A\u00e7a\u00ed bes is 100% vegan en biologisch<\/li>\n<\/ul>\n<\/div>[vc_btn title=&#8221;TERUG NAAR DE PRODUCTPAGINA&#8221; color=&#8221;green&#8221; align=&#8221;center&#8221; button_block=&#8221;true&#8221; link=&#8221;url:https%3A%2F%2Fwww.healthysmoothietime.nl%2Findex.php%2Fproducten%2F|title:Producten&#8221;][\/vc_column][\/vc_row]<\/p>\n","protected":false},"excerpt":{"rendered":"<p>[vc_row content_placement=&#8221;top&#8221;][vc_column][\/vc_column][vc_column offset=&#8221;vc_col-lg-6 vc_col-md-6&#8243; css=&#8221;.vc_custom_1590571662912{margin-right: 15px !important;}&#8221;][vc_column_text css=&#8221;.vc_custom_1619858315956{margin-top: -8px !important;}&#8221;] A\u00e7A\u00ed (podosiri, wassaii) [\/vc_column_text][vc_column_text] A\u00e7a\u00ed- podosiri is afkomstig van de&#8230;<\/p>\n","protected":false},"author":1,"featured_media":0,"parent":0,"menu_order":0,"comment_status":"closed","ping_status":"closed","template":"","meta":{"inline_featured_image":false,"footnotes":""},"class_list":["post-9378","page","type-page","status-publish"],"_links":{"self":[{"href":"https:\/\/www.healthysmoothietime.nl\/index.php\/wp-json\/wp\/v2\/pages\/9378","targetHints":{"allow":["GET"]}}],"collection":[{"href":"https:\/\/www.healthysmoothietime.nl\/index.php\/wp-json\/wp\/v2\/pages"}],"about":[{"href":"https:\/\/www.healthysmoothietime.nl\/index.php\/wp-json\/wp\/v2\/types\/page"}],"author":[{"embeddable":true,"href":"https:\/\/www.healthysmoothietime.nl\/index.php\/wp-json\/wp\/v2\/users\/1"}],"replies":[{"embeddable":true,"href":"https:\/\/www.healthysmoothietime.nl\/index.php\/wp-json\/wp\/v2\/comments?post=9378"}],"version-history":[{"count":11,"href":"https:\/\/www.healthysmoothietime.nl\/index.php\/wp-json\/wp\/v2\/pages\/9378\/revisions"}],"predecessor-version":[{"id":9597,"href":"https:\/\/www.healthysmoothietime.nl\/index.php\/wp-json\/wp\/v2\/pages\/9378\/revisions\/9597"}],"wp:attachment":[{"href":"https:\/\/www.healthysmoothietime.nl\/index.php\/wp-json\/wp\/v2\/media?parent=9378"}],"curies":[{"name":"wp","href":"https:\/\/api.w.org\/{rel}","templated":true}]}}