{"id":9411,"date":"2021-04-19T17:36:40","date_gmt":"2021-04-19T17:36:40","guid":{"rendered":"https:\/\/www.healthysmoothietime.nl\/?page_id=9411"},"modified":"2021-06-15T10:01:44","modified_gmt":"2021-06-15T10:01:44","slug":"recepten-2","status":"publish","type":"page","link":"https:\/\/www.healthysmoothietime.nl\/index.php\/recepten-2\/","title":{"rendered":"Recepten"},"content":{"rendered":"<p>[vc_row full_width=&#8221;stretch_row_content_no_spaces&#8221; content_placement=&#8221;middle&#8221;][vc_column css=&#8221;.vc_custom_1615462789432{background-position: center !important;background-repeat: no-repeat !important;background-size: cover !important;}&#8221;][vc_empty_space height=&#8221;55&#8243;][\/vc_column][\/vc_row][vc_row content_placement=&#8221;top&#8221;][vc_column width=&#8221;1\/2&#8243; css=&#8221;.vc_custom_1619860709463{margin-top: -33px !important;}&#8221;][vc_column_text css_animation=&#8221;bottom-to-top&#8221; css=&#8221;.vc_custom_1618904553889{padding-top: 50px !important;}&#8221;]<\/p>\n<h3 class=\"LC20lb DKV0Md\"><span style=\"font-size: 36px; letter-spacing: 0.05em;\">NJANG SWIETIE<\/span><\/h3>\n<div class=\"wpb_text_column wpb_content_element \">\n<div class=\"wpb_wrapper\">\n<h2 class=\"styled-subtitle\"><em>\u201cEet smakelijk\u201d<\/em><\/h2>\n<\/div>\n<\/div>\n<p>[\/vc_column_text][vc_single_image image=&#8221;9413&#8243; img_size=&#8221;full&#8221;][vc_column_text]<\/p>\n<p>Met A\u00e7ai en couac kun je oneindig vari\u00ebren : je kunt bijvoorbeeld fruit toevoegen aan je a\u00e7ai bowl of ook gewoon lekker met couac consumeren.<\/p>\n<p>Voeg (plantaardige) zuivel naar keuze toe en pureer alle ingredi\u00ebnten met een blender, keukenmachine of staafmixer. Op deze manier kun je de smoothies precies zo maken als je zelf wilt en lekker vindt.\u00a0 Bekijk Hiernaast mijn recepten ter inspiratie maar ga vooral ook zelf lekker aan de slag!<\/p>\n<p>Ik hoor het graag als je \u00e9\u00e9n van mijn recepten hebt gemaakt. <a href=\"https:\/\/www.instagram.com\/healthysmoothietimenl\/\">Tag me op Instagram<\/a> of stuur een <a href=\"mailto:info@healthysmoothietime.nl\">mailtje<\/a><\/p>\n<p>[\/vc_column_text]<div class=\"clearboth\"><\/div><div class=\"gem-divider \" style=\"margin-top: 60px;\"><\/div>[vc_gallery type=&#8221;image_grid&#8221; images=&#8221;9419,9421,9415,9391,9382,9381&#8243; onclick=&#8221;&#8221;][\/vc_column][vc_column width=&#8221;1\/2&#8243;][vc_tta_accordion active_section=&#8221;9&#8243;][vc_tta_section title=&#8221;A\u00e7a\u00edbowl met vers fruit&#8221; tab_id=&#8221;1618854137517-85b5ee76-5db1&#8243;][vc_column_text]Deze bowl bereidt met als basis \u00e9\u00e9n sorbet cup met een inhoud van 365 Gr.<\/p>\n<p>Vers fruit waaronder aardbeien, bramen, zwarte bessen, kiwi, mango en Surinaamse ster birambi. En als topping verse COUAC.[\/vc_column_text][vc_single_image image=&#8221;9415&#8243; img_size=&#8221;full&#8221;][\/vc_tta_section][vc_tta_section title=&#8221;A\u00e7a\u00edbowl Surinaamse sterbirambi&#8221; tab_id=&#8221;1618903401902-a7b2e69a-8b45&#8243;][vc_column_text]Dankzij de zoet\/zure smaak van de sterbirambi is deze a\u00e7ai bowl een aanrader. Met als basis daarvoor onze verse pulp (sorbet cup) overige ingredi\u00ebnten zijn (verse) aardbeien, een halve banaan en een halve kiwi.<br \/>\n[\/vc_column_text][vc_single_image image=&#8221;9418&#8243; img_size=&#8221;full&#8221;][\/vc_tta_section][vc_tta_section title=&#8221;A\u00e7a\u00edbowl met bosbessen, zaden en Couac topping&#8221; tab_id=&#8221;1618904034417-1aed0d35-6e8c&#8221;][vc_column_text]Een sorbet cup aangevuld met bosbessen. \u00c9\u00e9n hele aardbei\u00a0 en onze verse couac vormt de basis van deze heerlijke a\u00e7aibowl. Als topping hebben we een zadenmix gebruikt.[\/vc_column_text][vc_single_image image=&#8221;9421&#8243; img_size=&#8221;full&#8221;][\/vc_tta_section][vc_tta_section title=&#8221;Traditionele A\u00e7a\u00edbowl met cassave&#8221; tab_id=&#8221;1618904653490-288153d5-8a3a&#8221;][vc_column_text]Om een traditionele bowl met cassave te maken gebruik je onze a\u00e7aipulp en stukjes cassavebrood als topping. Cassave biedt vele gezondheidsvoordelen.<br \/>\nWil je de bowl aanvullen met (vers) fruit gebruik dan zwarte bessen.<br \/>\n[\/vc_column_text][vc_single_image image=&#8221;9391&#8243; img_size=&#8221;full&#8221;][\/vc_tta_section][vc_tta_section title=&#8221;A\u00e7a\u00edbowl met noten&#8221; tab_id=&#8221;1618905169995-a8545fc9-8704&#8243;][vc_column_text]Verse a\u00e7ai, fruit en noten vormen de basis voor een heerlijke bowl met ananas en zwarte bessen.<br \/>\n[\/vc_column_text][vc_single_image image=&#8221;9425&#8243; img_size=&#8221;full&#8221;][\/vc_tta_section][vc_tta_section title=&#8221;Verse A\u00e7a\u00ed smoothie&#8221; tab_id=&#8221;1618905620568-e11d2ef5-f2a0&#8243;][vc_column_text]Om een lekkere smoothie te maken gebruik je onze a\u00e7a\u00edpouche (150gr.)<br \/>\nje voegt (vers) fruit toe en een topping van zaden en (verse) noten.[\/vc_column_text][vc_single_image image=&#8221;9426&#8243; img_size=&#8221;full&#8221;][\/vc_tta_section][\/vc_tta_accordion][\/vc_column][\/vc_row][vc_row][vc_column][\/vc_column][\/vc_row]<\/p>\n","protected":false},"excerpt":{"rendered":"<p>[vc_row full_width=&#8221;stretch_row_content_no_spaces&#8221; content_placement=&#8221;middle&#8221;][vc_column css=&#8221;.vc_custom_1615462789432{background-position: center !important;background-repeat: no-repeat !important;background-size: cover !important;}&#8221;][vc_empty_space height=&#8221;55&#8243;][\/vc_column][\/vc_row][vc_row content_placement=&#8221;top&#8221;][vc_column width=&#8221;1\/2&#8243; css=&#8221;.vc_custom_1619860709463{margin-top: -33px !important;}&#8221;][vc_column_text css_animation=&#8221;bottom-to-top&#8221; css=&#8221;.vc_custom_1618904553889{padding-top: 50px !important;}&#8221;]&#8230;<\/p>\n","protected":false},"author":1,"featured_media":0,"parent":0,"menu_order":0,"comment_status":"closed","ping_status":"closed","template":"","meta":{"inline_featured_image":false,"footnotes":""},"class_list":["post-9411","page","type-page","status-publish"],"_links":{"self":[{"href":"https:\/\/www.healthysmoothietime.nl\/index.php\/wp-json\/wp\/v2\/pages\/9411","targetHints":{"allow":["GET"]}}],"collection":[{"href":"https:\/\/www.healthysmoothietime.nl\/index.php\/wp-json\/wp\/v2\/pages"}],"about":[{"href":"https:\/\/www.healthysmoothietime.nl\/index.php\/wp-json\/wp\/v2\/types\/page"}],"author":[{"embeddable":true,"href":"https:\/\/www.healthysmoothietime.nl\/index.php\/wp-json\/wp\/v2\/users\/1"}],"replies":[{"embeddable":true,"href":"https:\/\/www.healthysmoothietime.nl\/index.php\/wp-json\/wp\/v2\/comments?post=9411"}],"version-history":[{"count":19,"href":"https:\/\/www.healthysmoothietime.nl\/index.php\/wp-json\/wp\/v2\/pages\/9411\/revisions"}],"predecessor-version":[{"id":9596,"href":"https:\/\/www.healthysmoothietime.nl\/index.php\/wp-json\/wp\/v2\/pages\/9411\/revisions\/9596"}],"wp:attachment":[{"href":"https:\/\/www.healthysmoothietime.nl\/index.php\/wp-json\/wp\/v2\/media?parent=9411"}],"curies":[{"name":"wp","href":"https:\/\/api.w.org\/{rel}","templated":true}]}}